{"id":7,"date":"2022-08-11T16:51:38","date_gmt":"2022-08-11T16:51:38","guid":{"rendered":"https:\/\/liege.pirateparty.be\/site\/?page_id=7"},"modified":"2023-02-14T12:45:24","modified_gmt":"2023-02-14T12:45:24","slug":"nous-sommes-les-pirates-de-liege","status":"publish","type":"page","link":"https:\/\/liege.pirateparty.be\/site\/","title":{"rendered":"Nous sommes les Pirates de Li\u00e8ge"},"content":{"rendered":"\n<p>Nous d\u00e9sirons une soci\u00e9t\u00e9 dans laquelle chacun\u00b7e d\u2019entre nous peut s\u2019\u00e9panouir librement et vivre en toute dignit\u00e9, tout en ayant le droit d\u2019\u00eatre impliqu\u00e9\u00b7e dans les d\u00e9cisions qui nous concernent. Nous r\u00e9clamons d\u00e8s lors une <strong>soci\u00e9t\u00e9 libre et radicalement d\u00e9mocratique<\/strong>, dans laquelle la transparence, l\u2019horizontalit\u00e9 et le droit d\u2019initiative sont la norme.<\/p>\n\n\n\n<p>Nous voulons b\u00e9n\u00e9ficier des bienfaits qu\u2019une soci\u00e9t\u00e9 bas\u00e9e sur le partage peut nous offrir. Le partage de la culture, du savoir et des informations sont des outils favorisant la mise en place de pratiques collaboratives. \u00c0 cette fin nous plaidons pour une <strong>soci\u00e9t\u00e9 du partage<\/strong>.<\/p>\n\n\n\n<p>Nous sommes conscient\u00b7es que ces droits et libert\u00e9s n\u2019ont que peu de valeur dans une soci\u00e9t\u00e9 in\u00e9galitaire. De m\u00eame, nous devons \u00eatre conscient\u00b7es des limites des ressources naturelles de notre plan\u00e8te. D\u00e8s lors, nous avons besoin d\u2019une soci\u00e9t\u00e9 <strong>solidaire<\/strong>, qui soit en harmonie avec son <strong>environnement<\/strong>.<\/p>\n\n\n\n<p class=\"has-text-align-center\"><a href=\"https:\/\/liege.pirateparty.be\/site\/contribuer\/\">Contribuer au projet pirate<\/a><\/p>\n\n\n\n<p><\/p>\n","protected":false},"excerpt":{"rendered":"<p>Nous d\u00e9sirons une soci\u00e9t\u00e9 dans laquelle chacun\u00b7e d\u2019entre nous peut s\u2019\u00e9panouir librement et vivre en toute dignit\u00e9, tout en ayant le droit d\u2019\u00eatre impliqu\u00e9\u00b7e dans les d\u00e9cisions qui nous concernent. Nous r\u00e9clamons d\u00e8s lors une soci\u00e9t\u00e9 libre et radicalement d\u00e9mocratique, dans laquelle la transparence, l\u2019horizontalit\u00e9 et le droit d\u2019initiative sont la norme. Nous voulons b\u00e9n\u00e9ficier &#8230; <a title=\"Nous sommes les Pirates de Li\u00e8ge\" class=\"read-more\" href=\"https:\/\/liege.pirateparty.be\/site\/\">Read more<span class=\"screen-reader-text\">Nous sommes les Pirates de Li\u00e8ge<\/span><\/a><\/p>\n","protected":false},"author":1,"featured_media":0,"parent":0,"menu_order":0,"comment_status":"closed","ping_status":"closed","template":"","meta":{"footnotes":""},"_links":{"self":[{"href":"https:\/\/liege.pirateparty.be\/site\/wp-json\/wp\/v2\/pages\/7"}],"collection":[{"href":"https:\/\/liege.pirateparty.be\/site\/wp-json\/wp\/v2\/pages"}],"about":[{"href":"https:\/\/liege.pirateparty.be\/site\/wp-json\/wp\/v2\/types\/page"}],"author":[{"embeddable":true,"href":"https:\/\/liege.pirateparty.be\/site\/wp-json\/wp\/v2\/users\/1"}],"replies":[{"embeddable":true,"href":"https:\/\/liege.pirateparty.be\/site\/wp-json\/wp\/v2\/comments?post=7"}],"version-history":[{"count":7,"href":"https:\/\/liege.pirateparty.be\/site\/wp-json\/wp\/v2\/pages\/7\/revisions"}],"predecessor-version":[{"id":74,"href":"https:\/\/liege.pirateparty.be\/site\/wp-json\/wp\/v2\/pages\/7\/revisions\/74"}],"wp:attachment":[{"href":"https:\/\/liege.pirateparty.be\/site\/wp-json\/wp\/v2\/media?parent=7"}],"curies":[{"name":"wp","href":"https:\/\/api.w.org\/{rel}","templated":true}]}}