{"id":3,"date":"2022-08-11T16:35:11","date_gmt":"2022-08-11T16:35:11","guid":{"rendered":"https:\/\/liege.pirateparty.be\/site\/?page_id=3"},"modified":"2022-08-11T18:46:38","modified_gmt":"2022-08-11T18:46:38","slug":"privacy-policy","status":"publish","type":"page","link":"https:\/\/liege.pirateparty.be\/site\/privacy-policy\/","title":{"rendered":"Politique de confidentialit\u00e9"},"content":{"rendered":"\n<h2 class=\"wp-block-heading\">Qui sommes-nous&nbsp;?<\/h2>\n\n\n\n<p>Nous sommes les Pirates de Li\u00e8ge, une association de fait.<\/p>\n\n\n\n<p>L\u2019adresse de notre site Web est&nbsp;: <a href=\"https:\/\/liege.pirateparty.be\/wallonie2019\"><\/a><a href=\"https:\/\/liege.pirateparty.be\/site\">https:\/\/liege.pirateparty.be\/site<\/a>.<\/p>\n\n\n\n<p>Notre adresse de contact est : <a href=\"mailto:liege@pirateparty.be\">liege@pirateparty.be<\/a><\/p>\n\n\n\n<h2 class=\"wp-block-heading\">Collecte de donn\u00e9es<\/h2>\n\n\n\n<p>Ce site est un site WordPress, comme beaucoup d\u2019autres sites. Nous faisons tr\u00e8s attention \u00e0 ce que les plugins install\u00e9s respectent votre vie priv\u00e9e. Vous ne trouverez donc pas de Google Analytics ou de plugins Facebook sur notre site. <\/p>\n\n\n\n<p>Via le plugin <a href=\"https:\/\/fr.wordpress.org\/plugins\/contact-form-7\/\">Contact Form 7<\/a> qui permet de cr\u00e9er des formulaires de contact, nous pouvons collecter des donn\u00e9es sur vous, avec votre consentement explicite \u00e9videmment. Nous pr\u00e9cisons syst\u00e9matiquement l\u2019utilisation qui sera faite de ces donn\u00e9es et nous nous limitons \u00e0 cette utilisation. Par ex. un formulaire peut servir \u00e0 obtenir votre adresse email nous permettant de vous recontacter dans le but d\u2019obtenir votre signature pour les \u00e9lections, et votre adresse ne sera d\u00e8s lors pas utilis\u00e9e \u00e0 d\u2019autres fins (newsletter, autres sollicitations).<\/p>\n\n\n\n<p>Si vous constatez que ces explications ne correspondent pas \u00e0 la r\u00e9alit\u00e9, prenez contact avec nous afin que nous intervenions pour r\u00e9gler un \u00e9ventuel probl\u00e8me. <\/p>\n\n\n\n<p>L&rsquo;Autorit\u00e9 de Protection des Donn\u00e9s est \u00e0 votre service en cas de plainte : <a href=\"https:\/\/www.autoriteprotectiondonnees.be\/citoyen\">https:\/\/www.autoriteprotectiondonnees.be\/citoyen<\/a> <\/p>\n","protected":false},"excerpt":{"rendered":"<p>Qui sommes-nous&nbsp;? Nous sommes les Pirates de Li\u00e8ge, une association de fait. L\u2019adresse de notre site Web est&nbsp;: https:\/\/liege.pirateparty.be\/site. Notre adresse de contact est : liege@pirateparty.be Collecte de donn\u00e9es Ce site est un site WordPress, comme beaucoup d\u2019autres sites. Nous faisons tr\u00e8s attention \u00e0 ce que les plugins install\u00e9s respectent votre vie priv\u00e9e. Vous ne &#8230; <a title=\"Politique de confidentialit\u00e9\" class=\"read-more\" href=\"https:\/\/liege.pirateparty.be\/site\/privacy-policy\/\">Read more<span class=\"screen-reader-text\">Politique de confidentialit\u00e9<\/span><\/a><\/p>\n","protected":false},"author":1,"featured_media":0,"parent":0,"menu_order":0,"comment_status":"closed","ping_status":"open","template":"","meta":{"footnotes":""},"_links":{"self":[{"href":"https:\/\/liege.pirateparty.be\/site\/wp-json\/wp\/v2\/pages\/3"}],"collection":[{"href":"https:\/\/liege.pirateparty.be\/site\/wp-json\/wp\/v2\/pages"}],"about":[{"href":"https:\/\/liege.pirateparty.be\/site\/wp-json\/wp\/v2\/types\/page"}],"author":[{"embeddable":true,"href":"https:\/\/liege.pirateparty.be\/site\/wp-json\/wp\/v2\/users\/1"}],"replies":[{"embeddable":true,"href":"https:\/\/liege.pirateparty.be\/site\/wp-json\/wp\/v2\/comments?post=3"}],"version-history":[{"count":3,"href":"https:\/\/liege.pirateparty.be\/site\/wp-json\/wp\/v2\/pages\/3\/revisions"}],"predecessor-version":[{"id":65,"href":"https:\/\/liege.pirateparty.be\/site\/wp-json\/wp\/v2\/pages\/3\/revisions\/65"}],"wp:attachment":[{"href":"https:\/\/liege.pirateparty.be\/site\/wp-json\/wp\/v2\/media?parent=3"}],"curies":[{"name":"wp","href":"https:\/\/api.w.org\/{rel}","templated":true}]}}